{"id":14,"date":"2024-10-23T16:59:40","date_gmt":"2024-10-23T16:59:40","guid":{"rendered":"https:\/\/shizif.ba\/?page_id=14"},"modified":"2025-01-22T13:22:24","modified_gmt":"2025-01-22T13:22:24","slug":"kontakt","status":"publish","type":"page","link":"https:\/\/shizif.ba\/?page_id=14","title":{"rendered":"Kontakt"},"content":{"rendered":"\t\t<div data-elementor-type=\"wp-page\" data-elementor-id=\"14\" class=\"elementor elementor-14\" data-elementor-post-type=\"page\">\n\t\t\t\t<div class=\"elementor-element elementor-element-5240f91 e-flex e-con-boxed e-con e-parent\" data-id=\"5240f91\" data-element_type=\"container\">\n\t\t\t\t\t<div class=\"e-con-inner\">\n\t\t\t\t<div class=\"elementor-element elementor-element-6a174a3 elementor-hidden-desktop elementor-widget elementor-widget-image\" data-id=\"6a174a3\" data-element_type=\"widget\" data-widget_type=\"image.default\">\n\t\t\t\t<div class=\"elementor-widget-container\">\n\t\t\t\t\t\t\t\t\t\t\t\t\t<img fetchpriority=\"high\" decoding=\"async\" width=\"800\" height=\"400\" src=\"https:\/\/shizif.ba\/wp-content\/uploads\/2024\/10\/kontaktmobile-1024x512.png\" class=\"attachment-large size-large wp-image-711\" alt=\"\" srcset=\"https:\/\/shizif.ba\/wp-content\/uploads\/2024\/10\/kontaktmobile-1024x512.png 1024w, https:\/\/shizif.ba\/wp-content\/uploads\/2024\/10\/kontaktmobile-300x150.png 300w, https:\/\/shizif.ba\/wp-content\/uploads\/2024\/10\/kontaktmobile-768x384.png 768w, https:\/\/shizif.ba\/wp-content\/uploads\/2024\/10\/kontaktmobile-1536x768.png 1536w, https:\/\/shizif.ba\/wp-content\/uploads\/2024\/10\/kontaktmobile.png 2000w\" sizes=\"(max-width: 800px) 100vw, 800px\" \/>\t\t\t\t\t\t\t\t\t\t\t\t\t<\/div>\n\t\t\t\t<\/div>\n\t\t\t\t<div class=\"elementor-element elementor-element-3617f44 elementor-widget elementor-widget-spacer\" data-id=\"3617f44\" data-element_type=\"widget\" data-widget_type=\"spacer.default\">\n\t\t\t\t<div class=\"elementor-widget-container\">\n\t\t\t\t\t<div class=\"elementor-spacer\">\n\t\t\t<div class=\"elementor-spacer-inner\"><\/div>\n\t\t<\/div>\n\t\t\t\t<\/div>\n\t\t\t\t<\/div>\n\t\t\t\t<div class=\"elementor-element elementor-element-857c340 elementor-hidden-mobile elementor-hidden-tablet elementor-widget elementor-widget-image\" data-id=\"857c340\" data-element_type=\"widget\" data-widget_type=\"image.default\">\n\t\t\t\t<div class=\"elementor-widget-container\">\n\t\t\t\t\t\t\t\t\t\t\t\t\t<img decoding=\"async\" width=\"800\" height=\"400\" src=\"https:\/\/shizif.ba\/wp-content\/uploads\/2024\/10\/kontakt-1024x512.png\" class=\"attachment-large size-large wp-image-354\" alt=\"\" srcset=\"https:\/\/shizif.ba\/wp-content\/uploads\/2024\/10\/kontakt-1024x512.png 1024w, https:\/\/shizif.ba\/wp-content\/uploads\/2024\/10\/kontakt-300x150.png 300w, https:\/\/shizif.ba\/wp-content\/uploads\/2024\/10\/kontakt-768x384.png 768w, https:\/\/shizif.ba\/wp-content\/uploads\/2024\/10\/kontakt-1536x768.png 1536w, https:\/\/shizif.ba\/wp-content\/uploads\/2024\/10\/kontakt.png 2000w\" sizes=\"(max-width: 800px) 100vw, 800px\" \/>\t\t\t\t\t\t\t\t\t\t\t\t\t<\/div>\n\t\t\t\t<\/div>\n\t\t\t\t\t<\/div>\n\t\t\t\t<\/div>\n\t\t<div class=\"elementor-element elementor-element-720ac0b e-flex e-con-boxed e-con e-parent\" data-id=\"720ac0b\" data-element_type=\"container\">\n\t\t\t\t\t<div class=\"e-con-inner\">\n\t\t\t\t<div class=\"elementor-element elementor-element-16bcf00 elementor-hidden-tablet elementor-hidden-mobile elementor-widget elementor-widget-text-editor\" data-id=\"16bcf00\" data-element_type=\"widget\" data-widget_type=\"text-editor.default\">\n\t\t\t\t<div class=\"elementor-widget-container\">\n\t\t\t\t\t\t\t<p><strong>Booking mail:<\/strong> <a href=\"mailto:booking@shizif.ba\"><span style=\"text-decoration: underline;\">booking@shizif.ba<\/span><\/a><\/p><p><strong>Kontakt mail:<\/strong> <a href=\"mailto:contact@shizif.ba\"><span style=\"text-decoration: underline;\">contact@shizif.ba<\/span><\/a><\/p><p><strong>Kontakt telefon:<\/strong> +387 61 170 380<\/p>\t\t\t\t\t\t<\/div>\n\t\t\t\t<\/div>\n\t\t\t\t<div class=\"elementor-element elementor-element-d2eade7 elementor-hidden-desktop elementor-widget elementor-widget-text-editor\" data-id=\"d2eade7\" data-element_type=\"widget\" data-widget_type=\"text-editor.default\">\n\t\t\t\t<div class=\"elementor-widget-container\">\n\t\t\t\t\t\t\t<p><strong>Booking mail:<\/strong> <span style=\"text-decoration: underline;\">booking@shizif.ba<\/span><\/p><p><strong>Kontakt mail:<\/strong> <span style=\"text-decoration: underline;\">contact@shizif.ba<\/span><\/p><p><strong>Kontakt telefon:<\/strong> <span style=\"text-decoration: underline;\">+387 61 170 380<\/span><\/p>\t\t\t\t\t\t<\/div>\n\t\t\t\t<\/div>\n\t\t\t\t\t<\/div>\n\t\t\t\t<\/div>\n\t\t<div class=\"elementor-element elementor-element-82465d6 e-flex e-con-boxed e-con e-parent\" data-id=\"82465d6\" data-element_type=\"container\">\n\t\t\t\t\t<div class=\"e-con-inner\">\n\t\t\t\t<div class=\"elementor-element elementor-element-5e6792a elementor-widget elementor-widget-spacer\" data-id=\"5e6792a\" data-element_type=\"widget\" data-widget_type=\"spacer.default\">\n\t\t\t\t<div class=\"elementor-widget-container\">\n\t\t\t\t\t<div class=\"elementor-spacer\">\n\t\t\t<div class=\"elementor-spacer-inner\"><\/div>\n\t\t<\/div>\n\t\t\t\t<\/div>\n\t\t\t\t<\/div>\n\t\t\t\t\t<\/div>\n\t\t\t\t<\/div>\n\t\t\t\t<\/div>\n\t\t","protected":false},"excerpt":{"rendered":"<p>Booking mail: booking@shizif.ba Kontakt mail: contact@shizif.ba Kontakt telefon: +387 61 170 380 Booking mail: booking@shizif.ba Kontakt mail: contact@shizif.ba Kontakt telefon: +387 61 170 380<\/p>\n","protected":false},"author":1,"featured_media":0,"parent":0,"menu_order":0,"comment_status":"closed","ping_status":"closed","template":"","meta":{"footnotes":""},"class_list":["post-14","page","type-page","status-publish","hentry"],"yoast_head":"<!-- This site is optimized with the Yoast SEO plugin v23.8 - https:\/\/yoast.com\/wordpress\/plugins\/seo\/ -->\n<title>Kontakt - Shizif<\/title>\n<meta name=\"robots\" content=\"index, follow, max-snippet:-1, max-image-preview:large, max-video-preview:-1\" \/>\n<link rel=\"canonical\" href=\"https:\/\/shizif.ba\/?page_id=14\" \/>\n<meta property=\"og:locale\" content=\"en_US\" \/>\n<meta property=\"og:type\" content=\"article\" \/>\n<meta property=\"og:title\" content=\"Kontakt - Shizif\" \/>\n<meta property=\"og:description\" content=\"Booking mail: booking@shizif.ba Kontakt mail: contact@shizif.ba Kontakt telefon: +387 61 170 380 Booking mail: booking@shizif.ba Kontakt mail: contact@shizif.ba Kontakt telefon: +387 61 170 380\" \/>\n<meta property=\"og:url\" content=\"https:\/\/shizif.ba\/?page_id=14\" \/>\n<meta property=\"og:site_name\" content=\"Shizif\" \/>\n<meta property=\"article:publisher\" content=\"https:\/\/www.facebook.com\/p\/Shizif-61553759941975\/\" \/>\n<meta property=\"article:modified_time\" content=\"2025-01-22T13:22:24+00:00\" \/>\n<meta property=\"og:image\" content=\"https:\/\/shizif.ba\/wp-content\/uploads\/2024\/10\/kontaktmobile.png\" \/>\n\t<meta property=\"og:image:width\" content=\"2000\" \/>\n\t<meta property=\"og:image:height\" content=\"1000\" \/>\n\t<meta property=\"og:image:type\" content=\"image\/png\" \/>\n<meta name=\"twitter:card\" content=\"summary_large_image\" \/>\n<meta name=\"twitter:label1\" content=\"Est. reading time\" \/>\n\t<meta name=\"twitter:data1\" content=\"1 minute\" \/>\n<script type=\"application\/ld+json\" class=\"yoast-schema-graph\">{\"@context\":\"https:\/\/schema.org\",\"@graph\":[{\"@type\":[\"WebPage\",\"ContactPage\"],\"@id\":\"https:\/\/shizif.ba\/?page_id=14\",\"url\":\"https:\/\/shizif.ba\/?page_id=14\",\"name\":\"Kontakt - Shizif\",\"isPartOf\":{\"@id\":\"https:\/\/shizif.ba\/#website\"},\"primaryImageOfPage\":{\"@id\":\"https:\/\/shizif.ba\/?page_id=14#primaryimage\"},\"image\":{\"@id\":\"https:\/\/shizif.ba\/?page_id=14#primaryimage\"},\"thumbnailUrl\":\"https:\/\/shizif.ba\/wp-content\/uploads\/2024\/10\/kontaktmobile-1024x512.png\",\"datePublished\":\"2024-10-23T16:59:40+00:00\",\"dateModified\":\"2025-01-22T13:22:24+00:00\",\"breadcrumb\":{\"@id\":\"https:\/\/shizif.ba\/?page_id=14#breadcrumb\"},\"inLanguage\":\"en-US\",\"potentialAction\":[{\"@type\":\"ReadAction\",\"target\":[\"https:\/\/shizif.ba\/?page_id=14\"]}]},{\"@type\":\"ImageObject\",\"inLanguage\":\"en-US\",\"@id\":\"https:\/\/shizif.ba\/?page_id=14#primaryimage\",\"url\":\"https:\/\/shizif.ba\/wp-content\/uploads\/2024\/10\/kontaktmobile.png\",\"contentUrl\":\"https:\/\/shizif.ba\/wp-content\/uploads\/2024\/10\/kontaktmobile.png\",\"width\":2000,\"height\":1000},{\"@type\":\"BreadcrumbList\",\"@id\":\"https:\/\/shizif.ba\/?page_id=14#breadcrumb\",\"itemListElement\":[{\"@type\":\"ListItem\",\"position\":1,\"name\":\"Home\",\"item\":\"https:\/\/shizif.ba\/\"},{\"@type\":\"ListItem\",\"position\":2,\"name\":\"Kontakt\"}]},{\"@type\":\"WebSite\",\"@id\":\"https:\/\/shizif.ba\/#website\",\"url\":\"https:\/\/shizif.ba\/\",\"name\":\"Shizif\",\"description\":\"Shizif je mladi muzi\u010dki sastav osnovan 2023. godine u Sarajevu. \u010cine ga Faruk Tufo, Kerim Poturak, Josip Stapi\u0107, Ale\u0161 Hajduk i Omar Operta.\",\"publisher\":{\"@id\":\"https:\/\/shizif.ba\/#organization\"},\"potentialAction\":[{\"@type\":\"SearchAction\",\"target\":{\"@type\":\"EntryPoint\",\"urlTemplate\":\"https:\/\/shizif.ba\/?s={search_term_string}\"},\"query-input\":{\"@type\":\"PropertyValueSpecification\",\"valueRequired\":true,\"valueName\":\"search_term_string\"}}],\"inLanguage\":\"en-US\"},{\"@type\":\"Organization\",\"@id\":\"https:\/\/shizif.ba\/#organization\",\"name\":\"Shizif\",\"url\":\"https:\/\/shizif.ba\/\",\"logo\":{\"@type\":\"ImageObject\",\"inLanguage\":\"en-US\",\"@id\":\"https:\/\/shizif.ba\/#\/schema\/logo\/image\/\",\"url\":\"https:\/\/shizif.ba\/wp-content\/uploads\/2024\/10\/mag.png\",\"contentUrl\":\"https:\/\/shizif.ba\/wp-content\/uploads\/2024\/10\/mag.png\",\"width\":1080,\"height\":1080,\"caption\":\"Shizif\"},\"image\":{\"@id\":\"https:\/\/shizif.ba\/#\/schema\/logo\/image\/\"},\"sameAs\":[\"https:\/\/www.facebook.com\/p\/Shizif-61553759941975\/\",\"https:\/\/www.instagram.com\/shizif.bend\/\",\"https:\/\/www.youtube.com\/@shizifbend\"]}]}<\/script>\n<!-- \/ Yoast SEO plugin. -->","yoast_head_json":{"title":"Kontakt - Shizif","robots":{"index":"index","follow":"follow","max-snippet":"max-snippet:-1","max-image-preview":"max-image-preview:large","max-video-preview":"max-video-preview:-1"},"canonical":"https:\/\/shizif.ba\/?page_id=14","og_locale":"en_US","og_type":"article","og_title":"Kontakt - Shizif","og_description":"Booking mail: booking@shizif.ba Kontakt mail: contact@shizif.ba Kontakt telefon: +387 61 170 380 Booking mail: booking@shizif.ba Kontakt mail: contact@shizif.ba Kontakt telefon: +387 61 170 380","og_url":"https:\/\/shizif.ba\/?page_id=14","og_site_name":"Shizif","article_publisher":"https:\/\/www.facebook.com\/p\/Shizif-61553759941975\/","article_modified_time":"2025-01-22T13:22:24+00:00","og_image":[{"width":2000,"height":1000,"url":"https:\/\/shizif.ba\/wp-content\/uploads\/2024\/10\/kontaktmobile.png","type":"image\/png"}],"twitter_card":"summary_large_image","twitter_misc":{"Est. reading time":"1 minute"},"schema":{"@context":"https:\/\/schema.org","@graph":[{"@type":["WebPage","ContactPage"],"@id":"https:\/\/shizif.ba\/?page_id=14","url":"https:\/\/shizif.ba\/?page_id=14","name":"Kontakt - Shizif","isPartOf":{"@id":"https:\/\/shizif.ba\/#website"},"primaryImageOfPage":{"@id":"https:\/\/shizif.ba\/?page_id=14#primaryimage"},"image":{"@id":"https:\/\/shizif.ba\/?page_id=14#primaryimage"},"thumbnailUrl":"https:\/\/shizif.ba\/wp-content\/uploads\/2024\/10\/kontaktmobile-1024x512.png","datePublished":"2024-10-23T16:59:40+00:00","dateModified":"2025-01-22T13:22:24+00:00","breadcrumb":{"@id":"https:\/\/shizif.ba\/?page_id=14#breadcrumb"},"inLanguage":"en-US","potentialAction":[{"@type":"ReadAction","target":["https:\/\/shizif.ba\/?page_id=14"]}]},{"@type":"ImageObject","inLanguage":"en-US","@id":"https:\/\/shizif.ba\/?page_id=14#primaryimage","url":"https:\/\/shizif.ba\/wp-content\/uploads\/2024\/10\/kontaktmobile.png","contentUrl":"https:\/\/shizif.ba\/wp-content\/uploads\/2024\/10\/kontaktmobile.png","width":2000,"height":1000},{"@type":"BreadcrumbList","@id":"https:\/\/shizif.ba\/?page_id=14#breadcrumb","itemListElement":[{"@type":"ListItem","position":1,"name":"Home","item":"https:\/\/shizif.ba\/"},{"@type":"ListItem","position":2,"name":"Kontakt"}]},{"@type":"WebSite","@id":"https:\/\/shizif.ba\/#website","url":"https:\/\/shizif.ba\/","name":"Shizif","description":"Shizif je mladi muzi\u010dki sastav osnovan 2023. godine u Sarajevu. \u010cine ga Faruk Tufo, Kerim Poturak, Josip Stapi\u0107, Ale\u0161 Hajduk i Omar Operta.","publisher":{"@id":"https:\/\/shizif.ba\/#organization"},"potentialAction":[{"@type":"SearchAction","target":{"@type":"EntryPoint","urlTemplate":"https:\/\/shizif.ba\/?s={search_term_string}"},"query-input":{"@type":"PropertyValueSpecification","valueRequired":true,"valueName":"search_term_string"}}],"inLanguage":"en-US"},{"@type":"Organization","@id":"https:\/\/shizif.ba\/#organization","name":"Shizif","url":"https:\/\/shizif.ba\/","logo":{"@type":"ImageObject","inLanguage":"en-US","@id":"https:\/\/shizif.ba\/#\/schema\/logo\/image\/","url":"https:\/\/shizif.ba\/wp-content\/uploads\/2024\/10\/mag.png","contentUrl":"https:\/\/shizif.ba\/wp-content\/uploads\/2024\/10\/mag.png","width":1080,"height":1080,"caption":"Shizif"},"image":{"@id":"https:\/\/shizif.ba\/#\/schema\/logo\/image\/"},"sameAs":["https:\/\/www.facebook.com\/p\/Shizif-61553759941975\/","https:\/\/www.instagram.com\/shizif.bend\/","https:\/\/www.youtube.com\/@shizifbend"]}]}},"_links":{"self":[{"href":"https:\/\/shizif.ba\/index.php?rest_route=\/wp\/v2\/pages\/14","targetHints":{"allow":["GET"]}}],"collection":[{"href":"https:\/\/shizif.ba\/index.php?rest_route=\/wp\/v2\/pages"}],"about":[{"href":"https:\/\/shizif.ba\/index.php?rest_route=\/wp\/v2\/types\/page"}],"author":[{"embeddable":true,"href":"https:\/\/shizif.ba\/index.php?rest_route=\/wp\/v2\/users\/1"}],"replies":[{"embeddable":true,"href":"https:\/\/shizif.ba\/index.php?rest_route=%2Fwp%2Fv2%2Fcomments&post=14"}],"version-history":[{"count":76,"href":"https:\/\/shizif.ba\/index.php?rest_route=\/wp\/v2\/pages\/14\/revisions"}],"predecessor-version":[{"id":1414,"href":"https:\/\/shizif.ba\/index.php?rest_route=\/wp\/v2\/pages\/14\/revisions\/1414"}],"wp:attachment":[{"href":"https:\/\/shizif.ba\/index.php?rest_route=%2Fwp%2Fv2%2Fmedia&parent=14"}],"curies":[{"name":"wp","href":"https:\/\/api.w.org\/{rel}","templated":true}]}}