{"id":18,"date":"2024-10-23T16:59:58","date_gmt":"2024-10-23T16:59:58","guid":{"rendered":"https:\/\/shizif.ba\/?page_id=18"},"modified":"2025-04-20T10:13:55","modified_gmt":"2025-04-20T10:13:55","slug":"press-kit","status":"publish","type":"page","link":"https:\/\/shizif.ba\/?page_id=18","title":{"rendered":"EPK i Rider"},"content":{"rendered":"\t\t<div data-elementor-type=\"wp-page\" data-elementor-id=\"18\" class=\"elementor elementor-18\" data-elementor-post-type=\"page\">\n\t\t\t\t<div class=\"elementor-element elementor-element-b023ce0 e-flex e-con-boxed e-con e-parent\" data-id=\"b023ce0\" data-element_type=\"container\">\n\t\t\t\t\t<div class=\"e-con-inner\">\n\t\t\t\t<div class=\"elementor-element elementor-element-9ddb2ff elementor-widget elementor-widget-spacer\" data-id=\"9ddb2ff\" data-element_type=\"widget\" data-widget_type=\"spacer.default\">\n\t\t\t\t<div class=\"elementor-widget-container\">\n\t\t\t\t\t<div class=\"elementor-spacer\">\n\t\t\t<div class=\"elementor-spacer-inner\"><\/div>\n\t\t<\/div>\n\t\t\t\t<\/div>\n\t\t\t\t<\/div>\n\t\t\t\t<div class=\"elementor-element elementor-element-475be82 elementor-hidden-mobile elementor-hidden-tablet elementor-widget elementor-widget-image\" data-id=\"475be82\" data-element_type=\"widget\" data-widget_type=\"image.default\">\n\t\t\t\t<div class=\"elementor-widget-container\">\n\t\t\t\t\t\t\t\t\t\t\t\t\t<img fetchpriority=\"high\" decoding=\"async\" width=\"800\" height=\"400\" src=\"https:\/\/shizif.ba\/wp-content\/uploads\/2024\/10\/press-kit-1-1024x512.png\" class=\"attachment-large size-large wp-image-383\" alt=\"\" srcset=\"https:\/\/shizif.ba\/wp-content\/uploads\/2024\/10\/press-kit-1-1024x512.png 1024w, https:\/\/shizif.ba\/wp-content\/uploads\/2024\/10\/press-kit-1-300x150.png 300w, https:\/\/shizif.ba\/wp-content\/uploads\/2024\/10\/press-kit-1-768x384.png 768w, https:\/\/shizif.ba\/wp-content\/uploads\/2024\/10\/press-kit-1-1536x768.png 1536w, https:\/\/shizif.ba\/wp-content\/uploads\/2024\/10\/press-kit-1.png 2000w\" sizes=\"(max-width: 800px) 100vw, 800px\" \/>\t\t\t\t\t\t\t\t\t\t\t\t\t<\/div>\n\t\t\t\t<\/div>\n\t\t\t\t<div class=\"elementor-element elementor-element-c51585f elementor-hidden-desktop elementor-widget elementor-widget-image\" data-id=\"c51585f\" data-element_type=\"widget\" data-widget_type=\"image.default\">\n\t\t\t\t<div class=\"elementor-widget-container\">\n\t\t\t\t\t\t\t\t\t\t\t\t\t<img decoding=\"async\" width=\"800\" height=\"400\" src=\"https:\/\/shizif.ba\/wp-content\/uploads\/2024\/10\/presskitmobile-1024x512.png\" class=\"attachment-large size-large wp-image-715\" alt=\"\" srcset=\"https:\/\/shizif.ba\/wp-content\/uploads\/2024\/10\/presskitmobile-1024x512.png 1024w, https:\/\/shizif.ba\/wp-content\/uploads\/2024\/10\/presskitmobile-300x150.png 300w, https:\/\/shizif.ba\/wp-content\/uploads\/2024\/10\/presskitmobile-768x384.png 768w, https:\/\/shizif.ba\/wp-content\/uploads\/2024\/10\/presskitmobile-1536x768.png 1536w, https:\/\/shizif.ba\/wp-content\/uploads\/2024\/10\/presskitmobile.png 2000w\" sizes=\"(max-width: 800px) 100vw, 800px\" \/>\t\t\t\t\t\t\t\t\t\t\t\t\t<\/div>\n\t\t\t\t<\/div>\n\t\t\t\t\t<\/div>\n\t\t\t\t<\/div>\n\t\t<div class=\"elementor-element elementor-element-999fa7a e-flex e-con-boxed e-con e-parent\" data-id=\"999fa7a\" data-element_type=\"container\">\n\t\t\t\t\t<div class=\"e-con-inner\">\n\t\t\t\t<div class=\"elementor-element elementor-element-8cad831 elementor-hidden-desktop elementor-widget elementor-widget-spacer\" data-id=\"8cad831\" data-element_type=\"widget\" data-widget_type=\"spacer.default\">\n\t\t\t\t<div class=\"elementor-widget-container\">\n\t\t\t\t\t<div class=\"elementor-spacer\">\n\t\t\t<div class=\"elementor-spacer-inner\"><\/div>\n\t\t<\/div>\n\t\t\t\t<\/div>\n\t\t\t\t<\/div>\n\t\t\t\t<div class=\"elementor-element elementor-element-db15b49 elementor-hidden-mobile elementor-hidden-tablet elementor-widget elementor-widget-text-editor\" data-id=\"db15b49\" data-element_type=\"widget\" data-widget_type=\"text-editor.default\">\n\t\t\t\t<div class=\"elementor-widget-container\">\n\t\t\t\t\t\t\t<p>Klikom na dugme mo\u017eete da preuzmete na\u0161 EPK (Electronic Press Kit)<\/p>\t\t\t\t\t\t<\/div>\n\t\t\t\t<\/div>\n\t\t\t\t\t<\/div>\n\t\t\t\t<\/div>\n\t\t<div class=\"elementor-element elementor-element-8cd0d78 e-flex e-con-boxed e-con e-parent\" data-id=\"8cd0d78\" data-element_type=\"container\">\n\t\t\t\t\t<div class=\"e-con-inner\">\n\t\t\t\t<div class=\"elementor-element elementor-element-fe74e73 elementor-hidden-desktop elementor-widget elementor-widget-text-editor\" data-id=\"fe74e73\" data-element_type=\"widget\" data-widget_type=\"text-editor.default\">\n\t\t\t\t<div class=\"elementor-widget-container\">\n\t\t\t\t\t\t\t<p>Klikom na dugme mo\u017eete da preuzmete na\u0161 EPK (Electronic Press Kit)<\/p>\t\t\t\t\t\t<\/div>\n\t\t\t\t<\/div>\n\t\t\t\t<div class=\"elementor-element elementor-element-54535c1 elementor-widget elementor-widget-spacer\" data-id=\"54535c1\" data-element_type=\"widget\" data-widget_type=\"spacer.default\">\n\t\t\t\t<div class=\"elementor-widget-container\">\n\t\t\t\t\t<div class=\"elementor-spacer\">\n\t\t\t<div class=\"elementor-spacer-inner\"><\/div>\n\t\t<\/div>\n\t\t\t\t<\/div>\n\t\t\t\t<\/div>\n\t\t\t\t\t<\/div>\n\t\t\t\t<\/div>\n\t\t<div class=\"elementor-element elementor-element-3f13b31 e-flex e-con-boxed e-con e-parent\" data-id=\"3f13b31\" data-element_type=\"container\">\n\t\t\t\t\t<div class=\"e-con-inner\">\n\t\t\t\t<div class=\"elementor-element elementor-element-f925047 elementor-hidden-tablet elementor-hidden-mobile elementor-widget elementor-widget-button\" data-id=\"f925047\" data-element_type=\"widget\" data-widget_type=\"button.default\">\n\t\t\t\t<div class=\"elementor-widget-container\">\n\t\t\t\t\t<div class=\"elementor-button-wrapper\">\n\t\t\t<a class=\"elementor-button elementor-button-link elementor-size-sm elementor-animation-float\" href=\"https:\/\/shizif.ba\/wp-content\/uploads\/2024\/11\/ShizifPressKit.pdf\" target=\"_blank\">\n\t\t\t\t\t\t<span class=\"elementor-button-content-wrapper\">\n\t\t\t\t\t\t<span class=\"elementor-button-icon\">\n\t\t\t\t<svg aria-hidden=\"true\" class=\"e-font-icon-svg e-fas-download\" viewBox=\"0 0 512 512\" xmlns=\"http:\/\/www.w3.org\/2000\/svg\"><path d=\"M216 0h80c13.3 0 24 10.7 24 24v168h87.7c17.8 0 26.7 21.5 14.1 34.1L269.7 378.3c-7.5 7.5-19.8 7.5-27.3 0L90.1 226.1c-12.6-12.6-3.7-34.1 14.1-34.1H192V24c0-13.3 10.7-24 24-24zm296 376v112c0 13.3-10.7 24-24 24H24c-13.3 0-24-10.7-24-24V376c0-13.3 10.7-24 24-24h146.7l49 49c20.1 20.1 52.5 20.1 72.6 0l49-49H488c13.3 0 24 10.7 24 24zm-124 88c0-11-9-20-20-20s-20 9-20 20 9 20 20 20 20-9 20-20zm64 0c0-11-9-20-20-20s-20 9-20 20 9 20 20 20 20-9 20-20z\"><\/path><\/svg>\t\t\t<\/span>\n\t\t\t\t\t\t\t\t\t<span class=\"elementor-button-text\"> Preuzmi<\/span>\n\t\t\t\t\t<\/span>\n\t\t\t\t\t<\/a>\n\t\t<\/div>\n\t\t\t\t<\/div>\n\t\t\t\t<\/div>\n\t\t\t\t<div class=\"elementor-element elementor-element-46a6e53 elementor-hidden-desktop elementor-widget elementor-widget-button\" data-id=\"46a6e53\" data-element_type=\"widget\" data-widget_type=\"button.default\">\n\t\t\t\t<div class=\"elementor-widget-container\">\n\t\t\t\t\t<div class=\"elementor-button-wrapper\">\n\t\t\t<a class=\"elementor-button elementor-button-link elementor-size-sm elementor-animation-float\" href=\"https:\/\/shizif.ba\/wp-content\/uploads\/2024\/11\/ShizifPressKit.pdf\">\n\t\t\t\t\t\t<span class=\"elementor-button-content-wrapper\">\n\t\t\t\t\t\t<span class=\"elementor-button-icon\">\n\t\t\t\t<svg aria-hidden=\"true\" class=\"e-font-icon-svg e-fas-download\" viewBox=\"0 0 512 512\" xmlns=\"http:\/\/www.w3.org\/2000\/svg\"><path d=\"M216 0h80c13.3 0 24 10.7 24 24v168h87.7c17.8 0 26.7 21.5 14.1 34.1L269.7 378.3c-7.5 7.5-19.8 7.5-27.3 0L90.1 226.1c-12.6-12.6-3.7-34.1 14.1-34.1H192V24c0-13.3 10.7-24 24-24zm296 376v112c0 13.3-10.7 24-24 24H24c-13.3 0-24-10.7-24-24V376c0-13.3 10.7-24 24-24h146.7l49 49c20.1 20.1 52.5 20.1 72.6 0l49-49H488c13.3 0 24 10.7 24 24zm-124 88c0-11-9-20-20-20s-20 9-20 20 9 20 20 20 20-9 20-20zm64 0c0-11-9-20-20-20s-20 9-20 20 9 20 20 20 20-9 20-20z\"><\/path><\/svg>\t\t\t<\/span>\n\t\t\t\t\t\t\t\t\t<span class=\"elementor-button-text\"> Preuzmi<\/span>\n\t\t\t\t\t<\/span>\n\t\t\t\t\t<\/a>\n\t\t<\/div>\n\t\t\t\t<\/div>\n\t\t\t\t<\/div>\n\t\t\t\t\t<\/div>\n\t\t\t\t<\/div>\n\t\t<div class=\"elementor-element elementor-element-b498849 e-flex e-con-boxed e-con e-parent\" data-id=\"b498849\" data-element_type=\"container\">\n\t\t\t\t\t<div class=\"e-con-inner\">\n\t\t\t\t<div class=\"elementor-element elementor-element-81ba322 elementor-widget-divider--view-line elementor-widget elementor-widget-divider\" data-id=\"81ba322\" data-element_type=\"widget\" data-widget_type=\"divider.default\">\n\t\t\t\t<div class=\"elementor-widget-container\">\n\t\t\t\t\t<div class=\"elementor-divider\">\n\t\t\t<span class=\"elementor-divider-separator\">\n\t\t\t\t\t\t<\/span>\n\t\t<\/div>\n\t\t\t\t<\/div>\n\t\t\t\t<\/div>\n\t\t\t\t<div class=\"elementor-element elementor-element-54cb3dc elementor-hidden-tablet elementor-hidden-mobile elementor-widget elementor-widget-image\" data-id=\"54cb3dc\" data-element_type=\"widget\" data-widget_type=\"image.default\">\n\t\t\t\t<div class=\"elementor-widget-container\">\n\t\t\t\t\t\t\t\t\t\t\t\t\t<img decoding=\"async\" width=\"800\" height=\"400\" src=\"https:\/\/shizif.ba\/wp-content\/uploads\/2024\/10\/rider-vimsta-1024x512.png\" class=\"attachment-large size-large wp-image-492\" alt=\"\" srcset=\"https:\/\/shizif.ba\/wp-content\/uploads\/2024\/10\/rider-vimsta-1024x512.png 1024w, https:\/\/shizif.ba\/wp-content\/uploads\/2024\/10\/rider-vimsta-300x150.png 300w, https:\/\/shizif.ba\/wp-content\/uploads\/2024\/10\/rider-vimsta-768x384.png 768w, https:\/\/shizif.ba\/wp-content\/uploads\/2024\/10\/rider-vimsta-1536x768.png 1536w, https:\/\/shizif.ba\/wp-content\/uploads\/2024\/10\/rider-vimsta.png 2000w\" sizes=\"(max-width: 800px) 100vw, 800px\" \/>\t\t\t\t\t\t\t\t\t\t\t\t\t<\/div>\n\t\t\t\t<\/div>\n\t\t\t\t<div class=\"elementor-element elementor-element-63f6a6c elementor-hidden-desktop elementor-widget elementor-widget-image\" data-id=\"63f6a6c\" data-element_type=\"widget\" data-widget_type=\"image.default\">\n\t\t\t\t<div class=\"elementor-widget-container\">\n\t\t\t\t\t\t\t\t\t\t\t\t\t<img loading=\"lazy\" decoding=\"async\" width=\"800\" height=\"400\" src=\"https:\/\/shizif.ba\/wp-content\/uploads\/2024\/10\/rideerlistemobile-1024x512.png\" class=\"attachment-large size-large wp-image-716\" alt=\"\" srcset=\"https:\/\/shizif.ba\/wp-content\/uploads\/2024\/10\/rideerlistemobile-1024x512.png 1024w, https:\/\/shizif.ba\/wp-content\/uploads\/2024\/10\/rideerlistemobile-300x150.png 300w, https:\/\/shizif.ba\/wp-content\/uploads\/2024\/10\/rideerlistemobile-768x384.png 768w, https:\/\/shizif.ba\/wp-content\/uploads\/2024\/10\/rideerlistemobile-1536x768.png 1536w, https:\/\/shizif.ba\/wp-content\/uploads\/2024\/10\/rideerlistemobile.png 2000w\" sizes=\"(max-width: 800px) 100vw, 800px\" \/>\t\t\t\t\t\t\t\t\t\t\t\t\t<\/div>\n\t\t\t\t<\/div>\n\t\t\t\t\t<\/div>\n\t\t\t\t<\/div>\n\t\t<div class=\"elementor-element elementor-element-b03c61d e-flex e-con-boxed e-con e-parent\" data-id=\"b03c61d\" data-element_type=\"container\">\n\t\t\t\t\t<div class=\"e-con-inner\">\n\t\t\t\t<div class=\"elementor-element elementor-element-8f38f5c elementor-widget elementor-widget-spacer\" data-id=\"8f38f5c\" data-element_type=\"widget\" data-widget_type=\"spacer.default\">\n\t\t\t\t<div class=\"elementor-widget-container\">\n\t\t\t\t\t<div class=\"elementor-spacer\">\n\t\t\t<div class=\"elementor-spacer-inner\"><\/div>\n\t\t<\/div>\n\t\t\t\t<\/div>\n\t\t\t\t<\/div>\n\t\t\t\t<div class=\"elementor-element elementor-element-5a06fce elementor-hidden-mobile elementor-hidden-tablet elementor-widget elementor-widget-text-editor\" data-id=\"5a06fce\" data-element_type=\"widget\" data-widget_type=\"text-editor.default\">\n\t\t\t\t<div class=\"elementor-widget-container\">\n\t\t\t\t\t\t\t<p>Klikom na dugme mo\u017eete da preuzmete na\u0161u rider listu.<br \/>Uklju\u010den tehni\u010dki i hospitality rider, kao i stage plot.<\/p>\t\t\t\t\t\t<\/div>\n\t\t\t\t<\/div>\n\t\t\t\t<div class=\"elementor-element elementor-element-6cff139 elementor-hidden-desktop elementor-widget elementor-widget-text-editor\" data-id=\"6cff139\" data-element_type=\"widget\" data-widget_type=\"text-editor.default\">\n\t\t\t\t<div class=\"elementor-widget-container\">\n\t\t\t\t\t\t\t<p>Pritisnite dugme ispod da preuzmete na\u0161u rider listu.<\/p>\t\t\t\t\t\t<\/div>\n\t\t\t\t<\/div>\n\t\t\t\t<div class=\"elementor-element elementor-element-7f30690 elementor-widget elementor-widget-spacer\" data-id=\"7f30690\" data-element_type=\"widget\" data-widget_type=\"spacer.default\">\n\t\t\t\t<div class=\"elementor-widget-container\">\n\t\t\t\t\t<div class=\"elementor-spacer\">\n\t\t\t<div class=\"elementor-spacer-inner\"><\/div>\n\t\t<\/div>\n\t\t\t\t<\/div>\n\t\t\t\t<\/div>\n\t\t\t\t\t<\/div>\n\t\t\t\t<\/div>\n\t\t<div class=\"elementor-element elementor-element-9310778 e-flex e-con-boxed e-con e-parent\" data-id=\"9310778\" data-element_type=\"container\">\n\t\t\t\t\t<div class=\"e-con-inner\">\n\t\t\t\t<div class=\"elementor-element elementor-element-56624a9 elementor-hidden-tablet elementor-hidden-mobile elementor-widget elementor-widget-button\" data-id=\"56624a9\" data-element_type=\"widget\" data-widget_type=\"button.default\">\n\t\t\t\t<div class=\"elementor-widget-container\">\n\t\t\t\t\t<div class=\"elementor-button-wrapper\">\n\t\t\t<a class=\"elementor-button elementor-button-link elementor-size-sm elementor-animation-float\" href=\"https:\/\/shizif.ba\/wp-content\/uploads\/2025\/04\/SHIZIF-RIDER.pdf\" target=\"_blank\">\n\t\t\t\t\t\t<span class=\"elementor-button-content-wrapper\">\n\t\t\t\t\t\t<span class=\"elementor-button-icon\">\n\t\t\t\t<svg aria-hidden=\"true\" class=\"e-font-icon-svg e-fas-download\" viewBox=\"0 0 512 512\" xmlns=\"http:\/\/www.w3.org\/2000\/svg\"><path d=\"M216 0h80c13.3 0 24 10.7 24 24v168h87.7c17.8 0 26.7 21.5 14.1 34.1L269.7 378.3c-7.5 7.5-19.8 7.5-27.3 0L90.1 226.1c-12.6-12.6-3.7-34.1 14.1-34.1H192V24c0-13.3 10.7-24 24-24zm296 376v112c0 13.3-10.7 24-24 24H24c-13.3 0-24-10.7-24-24V376c0-13.3 10.7-24 24-24h146.7l49 49c20.1 20.1 52.5 20.1 72.6 0l49-49H488c13.3 0 24 10.7 24 24zm-124 88c0-11-9-20-20-20s-20 9-20 20 9 20 20 20 20-9 20-20zm64 0c0-11-9-20-20-20s-20 9-20 20 9 20 20 20 20-9 20-20z\"><\/path><\/svg>\t\t\t<\/span>\n\t\t\t\t\t\t\t\t\t<span class=\"elementor-button-text\"> Preuzmi<\/span>\n\t\t\t\t\t<\/span>\n\t\t\t\t\t<\/a>\n\t\t<\/div>\n\t\t\t\t<\/div>\n\t\t\t\t<\/div>\n\t\t\t\t<div class=\"elementor-element elementor-element-609b8bc elementor-hidden-desktop elementor-widget elementor-widget-button\" data-id=\"609b8bc\" data-element_type=\"widget\" data-widget_type=\"button.default\">\n\t\t\t\t<div class=\"elementor-widget-container\">\n\t\t\t\t\t<div class=\"elementor-button-wrapper\">\n\t\t\t<a class=\"elementor-button elementor-button-link elementor-size-sm elementor-animation-float\" href=\"https:\/\/shizif.ba\/wp-content\/uploads\/2025\/04\/SHIZIF-RIDER.pdf\">\n\t\t\t\t\t\t<span class=\"elementor-button-content-wrapper\">\n\t\t\t\t\t\t<span class=\"elementor-button-icon\">\n\t\t\t\t<svg aria-hidden=\"true\" class=\"e-font-icon-svg e-fas-download\" viewBox=\"0 0 512 512\" xmlns=\"http:\/\/www.w3.org\/2000\/svg\"><path d=\"M216 0h80c13.3 0 24 10.7 24 24v168h87.7c17.8 0 26.7 21.5 14.1 34.1L269.7 378.3c-7.5 7.5-19.8 7.5-27.3 0L90.1 226.1c-12.6-12.6-3.7-34.1 14.1-34.1H192V24c0-13.3 10.7-24 24-24zm296 376v112c0 13.3-10.7 24-24 24H24c-13.3 0-24-10.7-24-24V376c0-13.3 10.7-24 24-24h146.7l49 49c20.1 20.1 52.5 20.1 72.6 0l49-49H488c13.3 0 24 10.7 24 24zm-124 88c0-11-9-20-20-20s-20 9-20 20 9 20 20 20 20-9 20-20zm64 0c0-11-9-20-20-20s-20 9-20 20 9 20 20 20 20-9 20-20z\"><\/path><\/svg>\t\t\t<\/span>\n\t\t\t\t\t\t\t\t\t<span class=\"elementor-button-text\"> Preuzmi<\/span>\n\t\t\t\t\t<\/span>\n\t\t\t\t\t<\/a>\n\t\t<\/div>\n\t\t\t\t<\/div>\n\t\t\t\t<\/div>\n\t\t\t\t\t<\/div>\n\t\t\t\t<\/div>\n\t\t<div class=\"elementor-element elementor-element-13c4be4 e-flex e-con-boxed e-con e-parent\" data-id=\"13c4be4\" data-element_type=\"container\">\n\t\t\t\t\t<div class=\"e-con-inner\">\n\t\t\t\t<div class=\"elementor-element elementor-element-a4fa240 elementor-widget-divider--view-line elementor-widget elementor-widget-divider\" data-id=\"a4fa240\" data-element_type=\"widget\" data-widget_type=\"divider.default\">\n\t\t\t\t<div class=\"elementor-widget-container\">\n\t\t\t\t\t<div class=\"elementor-divider\">\n\t\t\t<span class=\"elementor-divider-separator\">\n\t\t\t\t\t\t<\/span>\n\t\t<\/div>\n\t\t\t\t<\/div>\n\t\t\t\t<\/div>\n\t\t\t\t<div class=\"elementor-element elementor-element-e166b60 elementor-widget elementor-widget-spacer\" data-id=\"e166b60\" data-element_type=\"widget\" data-widget_type=\"spacer.default\">\n\t\t\t\t<div class=\"elementor-widget-container\">\n\t\t\t\t\t<div class=\"elementor-spacer\">\n\t\t\t<div class=\"elementor-spacer-inner\"><\/div>\n\t\t<\/div>\n\t\t\t\t<\/div>\n\t\t\t\t<\/div>\n\t\t\t\t\t<\/div>\n\t\t\t\t<\/div>\n\t\t\t\t<\/div>\n\t\t","protected":false},"excerpt":{"rendered":"<p>Klikom na dugme mo\u017eete da preuzmete na\u0161 EPK (Electronic Press Kit) Klikom na dugme mo\u017eete da preuzmete na\u0161 EPK (Electronic Press Kit) Preuzmi Preuzmi Klikom na dugme mo\u017eete da preuzmete na\u0161u rider listu.Uklju\u010den tehni\u010dki i hospitality rider, kao i stage plot. Pritisnite dugme ispod da preuzmete na\u0161u rider listu. Preuzmi Preuzmi<\/p>\n","protected":false},"author":1,"featured_media":0,"parent":0,"menu_order":0,"comment_status":"closed","ping_status":"closed","template":"","meta":{"footnotes":""},"class_list":["post-18","page","type-page","status-publish","hentry"],"yoast_head":"<!-- This site is optimized with the Yoast SEO plugin v23.8 - https:\/\/yoast.com\/wordpress\/plugins\/seo\/ -->\n<title>EPK i Rider - Shizif<\/title>\n<meta name=\"robots\" content=\"index, follow, max-snippet:-1, max-image-preview:large, max-video-preview:-1\" \/>\n<link rel=\"canonical\" href=\"https:\/\/shizif.ba\/?page_id=18\" \/>\n<meta property=\"og:locale\" content=\"en_US\" \/>\n<meta property=\"og:type\" content=\"article\" \/>\n<meta property=\"og:title\" content=\"EPK i Rider - Shizif\" \/>\n<meta property=\"og:description\" content=\"Klikom na dugme mo\u017eete da preuzmete na\u0161 EPK (Electronic Press Kit) Klikom na dugme mo\u017eete da preuzmete na\u0161 EPK (Electronic Press Kit) Preuzmi Preuzmi Klikom na dugme mo\u017eete da preuzmete na\u0161u rider listu.Uklju\u010den tehni\u010dki i hospitality rider, kao i stage plot. Pritisnite dugme ispod da preuzmete na\u0161u rider listu. Preuzmi Preuzmi\" \/>\n<meta property=\"og:url\" content=\"https:\/\/shizif.ba\/?page_id=18\" \/>\n<meta property=\"og:site_name\" content=\"Shizif\" \/>\n<meta property=\"article:publisher\" content=\"https:\/\/www.facebook.com\/p\/Shizif-61553759941975\/\" \/>\n<meta property=\"article:modified_time\" content=\"2025-04-20T10:13:55+00:00\" \/>\n<meta property=\"og:image\" content=\"https:\/\/shizif.ba\/wp-content\/uploads\/2024\/10\/press-kit-1.png\" \/>\n\t<meta property=\"og:image:width\" content=\"2000\" \/>\n\t<meta property=\"og:image:height\" content=\"1000\" \/>\n\t<meta property=\"og:image:type\" content=\"image\/png\" \/>\n<meta name=\"twitter:card\" content=\"summary_large_image\" \/>\n<meta name=\"twitter:label1\" content=\"Est. reading time\" \/>\n\t<meta name=\"twitter:data1\" content=\"2 minutes\" \/>\n<script type=\"application\/ld+json\" class=\"yoast-schema-graph\">{\"@context\":\"https:\/\/schema.org\",\"@graph\":[{\"@type\":\"WebPage\",\"@id\":\"https:\/\/shizif.ba\/?page_id=18\",\"url\":\"https:\/\/shizif.ba\/?page_id=18\",\"name\":\"EPK i Rider - Shizif\",\"isPartOf\":{\"@id\":\"https:\/\/shizif.ba\/#website\"},\"primaryImageOfPage\":{\"@id\":\"https:\/\/shizif.ba\/?page_id=18#primaryimage\"},\"image\":{\"@id\":\"https:\/\/shizif.ba\/?page_id=18#primaryimage\"},\"thumbnailUrl\":\"https:\/\/shizif.ba\/wp-content\/uploads\/2024\/10\/press-kit-1-1024x512.png\",\"datePublished\":\"2024-10-23T16:59:58+00:00\",\"dateModified\":\"2025-04-20T10:13:55+00:00\",\"breadcrumb\":{\"@id\":\"https:\/\/shizif.ba\/?page_id=18#breadcrumb\"},\"inLanguage\":\"en-US\",\"potentialAction\":[{\"@type\":\"ReadAction\",\"target\":[\"https:\/\/shizif.ba\/?page_id=18\"]}]},{\"@type\":\"ImageObject\",\"inLanguage\":\"en-US\",\"@id\":\"https:\/\/shizif.ba\/?page_id=18#primaryimage\",\"url\":\"https:\/\/shizif.ba\/wp-content\/uploads\/2024\/10\/press-kit-1.png\",\"contentUrl\":\"https:\/\/shizif.ba\/wp-content\/uploads\/2024\/10\/press-kit-1.png\",\"width\":2000,\"height\":1000},{\"@type\":\"BreadcrumbList\",\"@id\":\"https:\/\/shizif.ba\/?page_id=18#breadcrumb\",\"itemListElement\":[{\"@type\":\"ListItem\",\"position\":1,\"name\":\"Home\",\"item\":\"https:\/\/shizif.ba\/\"},{\"@type\":\"ListItem\",\"position\":2,\"name\":\"EPK i Rider\"}]},{\"@type\":\"WebSite\",\"@id\":\"https:\/\/shizif.ba\/#website\",\"url\":\"https:\/\/shizif.ba\/\",\"name\":\"Shizif\",\"description\":\"Shizif je mladi muzi\u010dki sastav osnovan 2023. godine u Sarajevu. \u010cine ga Faruk Tufo, Kerim Poturak, Josip Stapi\u0107, Ale\u0161 Hajduk i Omar Operta.\",\"publisher\":{\"@id\":\"https:\/\/shizif.ba\/#organization\"},\"potentialAction\":[{\"@type\":\"SearchAction\",\"target\":{\"@type\":\"EntryPoint\",\"urlTemplate\":\"https:\/\/shizif.ba\/?s={search_term_string}\"},\"query-input\":{\"@type\":\"PropertyValueSpecification\",\"valueRequired\":true,\"valueName\":\"search_term_string\"}}],\"inLanguage\":\"en-US\"},{\"@type\":\"Organization\",\"@id\":\"https:\/\/shizif.ba\/#organization\",\"name\":\"Shizif\",\"url\":\"https:\/\/shizif.ba\/\",\"logo\":{\"@type\":\"ImageObject\",\"inLanguage\":\"en-US\",\"@id\":\"https:\/\/shizif.ba\/#\/schema\/logo\/image\/\",\"url\":\"https:\/\/shizif.ba\/wp-content\/uploads\/2024\/10\/mag.png\",\"contentUrl\":\"https:\/\/shizif.ba\/wp-content\/uploads\/2024\/10\/mag.png\",\"width\":1080,\"height\":1080,\"caption\":\"Shizif\"},\"image\":{\"@id\":\"https:\/\/shizif.ba\/#\/schema\/logo\/image\/\"},\"sameAs\":[\"https:\/\/www.facebook.com\/p\/Shizif-61553759941975\/\",\"https:\/\/www.instagram.com\/shizif.bend\/\",\"https:\/\/www.youtube.com\/@shizifbend\"]}]}<\/script>\n<!-- \/ Yoast SEO plugin. -->","yoast_head_json":{"title":"EPK i Rider - Shizif","robots":{"index":"index","follow":"follow","max-snippet":"max-snippet:-1","max-image-preview":"max-image-preview:large","max-video-preview":"max-video-preview:-1"},"canonical":"https:\/\/shizif.ba\/?page_id=18","og_locale":"en_US","og_type":"article","og_title":"EPK i Rider - Shizif","og_description":"Klikom na dugme mo\u017eete da preuzmete na\u0161 EPK (Electronic Press Kit) Klikom na dugme mo\u017eete da preuzmete na\u0161 EPK (Electronic Press Kit) Preuzmi Preuzmi Klikom na dugme mo\u017eete da preuzmete na\u0161u rider listu.Uklju\u010den tehni\u010dki i hospitality rider, kao i stage plot. Pritisnite dugme ispod da preuzmete na\u0161u rider listu. Preuzmi Preuzmi","og_url":"https:\/\/shizif.ba\/?page_id=18","og_site_name":"Shizif","article_publisher":"https:\/\/www.facebook.com\/p\/Shizif-61553759941975\/","article_modified_time":"2025-04-20T10:13:55+00:00","og_image":[{"width":2000,"height":1000,"url":"https:\/\/shizif.ba\/wp-content\/uploads\/2024\/10\/press-kit-1.png","type":"image\/png"}],"twitter_card":"summary_large_image","twitter_misc":{"Est. reading time":"2 minutes"},"schema":{"@context":"https:\/\/schema.org","@graph":[{"@type":"WebPage","@id":"https:\/\/shizif.ba\/?page_id=18","url":"https:\/\/shizif.ba\/?page_id=18","name":"EPK i Rider - Shizif","isPartOf":{"@id":"https:\/\/shizif.ba\/#website"},"primaryImageOfPage":{"@id":"https:\/\/shizif.ba\/?page_id=18#primaryimage"},"image":{"@id":"https:\/\/shizif.ba\/?page_id=18#primaryimage"},"thumbnailUrl":"https:\/\/shizif.ba\/wp-content\/uploads\/2024\/10\/press-kit-1-1024x512.png","datePublished":"2024-10-23T16:59:58+00:00","dateModified":"2025-04-20T10:13:55+00:00","breadcrumb":{"@id":"https:\/\/shizif.ba\/?page_id=18#breadcrumb"},"inLanguage":"en-US","potentialAction":[{"@type":"ReadAction","target":["https:\/\/shizif.ba\/?page_id=18"]}]},{"@type":"ImageObject","inLanguage":"en-US","@id":"https:\/\/shizif.ba\/?page_id=18#primaryimage","url":"https:\/\/shizif.ba\/wp-content\/uploads\/2024\/10\/press-kit-1.png","contentUrl":"https:\/\/shizif.ba\/wp-content\/uploads\/2024\/10\/press-kit-1.png","width":2000,"height":1000},{"@type":"BreadcrumbList","@id":"https:\/\/shizif.ba\/?page_id=18#breadcrumb","itemListElement":[{"@type":"ListItem","position":1,"name":"Home","item":"https:\/\/shizif.ba\/"},{"@type":"ListItem","position":2,"name":"EPK i Rider"}]},{"@type":"WebSite","@id":"https:\/\/shizif.ba\/#website","url":"https:\/\/shizif.ba\/","name":"Shizif","description":"Shizif je mladi muzi\u010dki sastav osnovan 2023. godine u Sarajevu. \u010cine ga Faruk Tufo, Kerim Poturak, Josip Stapi\u0107, Ale\u0161 Hajduk i Omar Operta.","publisher":{"@id":"https:\/\/shizif.ba\/#organization"},"potentialAction":[{"@type":"SearchAction","target":{"@type":"EntryPoint","urlTemplate":"https:\/\/shizif.ba\/?s={search_term_string}"},"query-input":{"@type":"PropertyValueSpecification","valueRequired":true,"valueName":"search_term_string"}}],"inLanguage":"en-US"},{"@type":"Organization","@id":"https:\/\/shizif.ba\/#organization","name":"Shizif","url":"https:\/\/shizif.ba\/","logo":{"@type":"ImageObject","inLanguage":"en-US","@id":"https:\/\/shizif.ba\/#\/schema\/logo\/image\/","url":"https:\/\/shizif.ba\/wp-content\/uploads\/2024\/10\/mag.png","contentUrl":"https:\/\/shizif.ba\/wp-content\/uploads\/2024\/10\/mag.png","width":1080,"height":1080,"caption":"Shizif"},"image":{"@id":"https:\/\/shizif.ba\/#\/schema\/logo\/image\/"},"sameAs":["https:\/\/www.facebook.com\/p\/Shizif-61553759941975\/","https:\/\/www.instagram.com\/shizif.bend\/","https:\/\/www.youtube.com\/@shizifbend"]}]}},"_links":{"self":[{"href":"https:\/\/shizif.ba\/index.php?rest_route=\/wp\/v2\/pages\/18","targetHints":{"allow":["GET"]}}],"collection":[{"href":"https:\/\/shizif.ba\/index.php?rest_route=\/wp\/v2\/pages"}],"about":[{"href":"https:\/\/shizif.ba\/index.php?rest_route=\/wp\/v2\/types\/page"}],"author":[{"embeddable":true,"href":"https:\/\/shizif.ba\/index.php?rest_route=\/wp\/v2\/users\/1"}],"replies":[{"embeddable":true,"href":"https:\/\/shizif.ba\/index.php?rest_route=%2Fwp%2Fv2%2Fcomments&post=18"}],"version-history":[{"count":350,"href":"https:\/\/shizif.ba\/index.php?rest_route=\/wp\/v2\/pages\/18\/revisions"}],"predecessor-version":[{"id":1464,"href":"https:\/\/shizif.ba\/index.php?rest_route=\/wp\/v2\/pages\/18\/revisions\/1464"}],"wp:attachment":[{"href":"https:\/\/shizif.ba\/index.php?rest_route=%2Fwp%2Fv2%2Fmedia&parent=18"}],"curies":[{"name":"wp","href":"https:\/\/api.w.org\/{rel}","templated":true}]}}